{"id":60,"date":"2015-04-15T10:57:41","date_gmt":"2015-04-15T10:57:41","guid":{"rendered":"http:\/\/welfare.cmsmasters.net\/?page_id=60"},"modified":"2024-06-16T17:46:36","modified_gmt":"2024-06-16T17:46:36","slug":"contact","status":"publish","type":"page","link":"https:\/\/andre.pocaconsulting.pt\/index.php\/contact\/","title":{"rendered":"Contato"},"content":{"rendered":"<style type=\"text\/css\"> \n#cmsmasters_row_6a04d1dd4cd7c6_67912575 .cmsmasters_row_outer_parent { \n\tpadding-top: 0px; \n} \n\n#cmsmasters_row_6a04d1dd4cd7c6_67912575 .cmsmasters_row_outer_parent { \n\tpadding-bottom: 50px; \n} \n\n \n#cmsmasters_divider_6a04d1dd4d5e32_70879155 { \n\tborder-bottom-width:1px; \n\tborder-bottom-style:solid; \n\tpadding-top:50px; \n\tmargin-bottom:50px; \n} \n\n#cmsmasters_button_6a04d1dd4d63e1_87138089 { \n\ttext-align:center; \n} \n\n#cmsmasters_button_6a04d1dd4d63e1_87138089 .cmsmasters_button:before { \n\tmargin-right:.5em; \n\tmargin-left:0; \n\tvertical-align:baseline; \n} \n\n#cmsmasters_button_6a04d1dd4d63e1_87138089 .cmsmasters_button { \n\tfont-weight:normal; \n\tfont-style:normal; \n\tpadding-right:20px; \n\tpadding-left:20px; \n\tborder-style:solid; \n} \n#cmsmasters_button_6a04d1dd4d63e1_87138089 .cmsmasters_button:hover { \n} \n \n#cmsmasters_row_6a04d1dd4d72a2_75321447 { \n\tbackground-color:#272727;\n} \n\n#cmsmasters_row_6a04d1dd4d72a2_75321447 .cmsmasters_row_outer_parent { \n\tpadding-top: 110px; \n} \n\n#cmsmasters_row_6a04d1dd4d72a2_75321447 .cmsmasters_row_outer_parent { \n\tpadding-bottom: 100px; \n} \n\n \n#cmsmasters_divider_6a04d1dd4de874_71659428 { \n\tborder-bottom-width:0px; \n\tborder-bottom-style:solid; \n\tpadding-top:20px; \n\tmargin-bottom:0px; \n} \n \n\n#cmsmasters_fb_6a04d1dd506f50_45781956 { \n\tpadding-top:40px; \n\tpadding-bottom:70px; \n\tbackground-color:#202020;\n} \n\n#cmsmasters_fb_6a04d1dd506f50_45781956 .featured_block_inner { \n\twidth: 100%; \n\tpadding: ; \n\ttext-align: center; \n\tmargin:0 auto; \n} \n\n#cmsmasters_fb_6a04d1dd506f50_45781956 .featured_block_text { \n\ttext-align: center; \n} \n\n \n#cmsmasters_heading_6a04d1dd50a364_98269930 { \n\ttext-align:center; \n\tmargin-top:0px; \n\tmargin-bottom:12px; \n} \n\n#cmsmasters_heading_6a04d1dd50a364_98269930 .cmsmasters_heading { \n\ttext-align:center; \n} \n\n#cmsmasters_heading_6a04d1dd50a364_98269930 .cmsmasters_heading, #cmsmasters_heading_6a04d1dd50a364_98269930 .cmsmasters_heading a { \n\tfont-size:28px; \n\tfont-weight:normal; \n\tfont-style:normal; \n\tcolor:#faf6c1;\n} \n\n#cmsmasters_heading_6a04d1dd50a364_98269930 .cmsmasters_heading_divider { \n} \n\n \n#cmsmasters_heading_6a04d1dd50c066_05142799 { \n\ttext-align:center; \n\tmargin-top:0px; \n\tmargin-bottom:60px; \n} \n\n#cmsmasters_heading_6a04d1dd50c066_05142799 .cmsmasters_heading { \n\ttext-align:center; \n} \n\n#cmsmasters_heading_6a04d1dd50c066_05142799 .cmsmasters_heading, #cmsmasters_heading_6a04d1dd50c066_05142799 .cmsmasters_heading a { \n\tfont-weight:normal; \n\tfont-style:normal; \n\tcolor:#ffffff;\n} \n\n#cmsmasters_heading_6a04d1dd50c066_05142799 .cmsmasters_heading_divider { \n} \n\n \n#cmsmasters_heading_6a04d1dd50daa9_93415853 { \n\ttext-align:center; \n\tmargin-top:0px; \n\tmargin-bottom:12px; \n} \n\n#cmsmasters_heading_6a04d1dd50daa9_93415853 .cmsmasters_heading { \n\ttext-align:center; \n} \n\n#cmsmasters_heading_6a04d1dd50daa9_93415853 .cmsmasters_heading, #cmsmasters_heading_6a04d1dd50daa9_93415853 .cmsmasters_heading a { \n\tfont-weight:normal; \n\tfont-style:normal; \n\tcolor:#faf6c1;\n} \n\n#cmsmasters_heading_6a04d1dd50daa9_93415853 .cmsmasters_heading_divider { \n} \n\n \n#cmsmasters_heading_6a04d1dd50f626_04796252 { \n\ttext-align:center; \n\tmargin-top:0px; \n\tmargin-bottom:60px; \n} \n\n#cmsmasters_heading_6a04d1dd50f626_04796252 .cmsmasters_heading { \n\ttext-align:center; \n} \n\n#cmsmasters_heading_6a04d1dd50f626_04796252 .cmsmasters_heading, #cmsmasters_heading_6a04d1dd50f626_04796252 .cmsmasters_heading a { \n\tfont-weight:normal; \n\tfont-style:normal; \n\tcolor:#ffffff;\n} \n\n#cmsmasters_heading_6a04d1dd50f626_04796252 .cmsmasters_heading_divider { \n} \n\n \n#cmsmasters_heading_6a04d1dd510f64_73983613 { \n\ttext-align:center; \n\tmargin-top:0px; \n\tmargin-bottom:12px; \n} \n\n#cmsmasters_heading_6a04d1dd510f64_73983613 .cmsmasters_heading { \n\ttext-align:center; \n} \n\n#cmsmasters_heading_6a04d1dd510f64_73983613 .cmsmasters_heading, #cmsmasters_heading_6a04d1dd510f64_73983613 .cmsmasters_heading a { \n\tfont-weight:normal; \n\tfont-style:normal; \n\tcolor:#faf6c1;\n} \n\n#cmsmasters_heading_6a04d1dd510f64_73983613 .cmsmasters_heading_divider { \n} \n\n \n#cmsmasters_heading_6a04d1dd512be3_89371954 { \n\ttext-align:center; \n\tmargin-top:0px; \n\tmargin-bottom:0px; \n} \n\n#cmsmasters_heading_6a04d1dd512be3_89371954 .cmsmasters_heading { \n\ttext-align:center; \n} \n\n#cmsmasters_heading_6a04d1dd512be3_89371954 .cmsmasters_heading, #cmsmasters_heading_6a04d1dd512be3_89371954 .cmsmasters_heading a { \n\tfont-weight:normal; \n\tfont-style:normal; \n\tcolor:#ffffff;\n} \n\n#cmsmasters_heading_6a04d1dd512be3_89371954 .cmsmasters_heading_divider { \n} \n\n<\/style><div id=\"cmsmasters_row_6a04d1dd4cd7c6_67912575\" class=\"cmsmasters_row cmsmasters_color_scheme_default cmsmasters_row_top_default cmsmasters_row_bot_default cmsmasters_row_boxed\">\n<div class=\"cmsmasters_row_outer_parent\">\n<div class=\"cmsmasters_row_outer\">\n<div class=\"cmsmasters_row_inner\">\n<div class=\"cmsmasters_row_margin\">\n<div class=\"cmsmasters_column one_third\">\n<\/div>\n<div class=\"cmsmasters_column one_third\">\n<div class=\"cmsmasters_text\">\n<h3><\/h3>\n<h3 style=\"text-align: center;\">Agende j\u00e1 a sua Marca\u00e7\u00e3o<\/h3>\n<\/div>\n<div class=\"cmsmasters_img  cmsmasters_image_n\">\n<img decoding=\"async\" src=\"https:\/\/andre.pocaconsulting.pt\/wp-content\/uploads\/2024\/05\/iu.png\" \/>\n<\/div>\n\n<div id=\"cmsmasters_divider_6a04d1dd4d5e32_70879155\" class=\"cmsmasters_divider cmsmasters_divider_width_long cmsmasters_divider_pos_center\"><\/div>\n\n<div id=\"cmsmasters_button_6a04d1dd4d63e1_87138089\" class=\"button_wrap\"><a href=\"#\" class=\"cmsmasters_button cmsmasters-icon-custom-dryer\"><span>Marcar<\/span><\/a><\/div>\n<\/div>\n<div class=\"cmsmasters_column one_third\">\n<\/div>\n<\/div>\n<\/div>\n<\/div>\n<\/div>\n<\/div>\n<div id=\"cmsmasters_row_6a04d1dd4d72a2_75321447\" class=\"cmsmasters_row cmsmasters_color_scheme_first cmsmasters_row_top_default cmsmasters_row_bot_default cmsmasters_row_boxed\">\n<div id=\"booking_form\" class=\"cmsmasters_row_outer_parent\">\n<div class=\"cmsmasters_row_outer\">\n<div class=\"cmsmasters_row_inner\">\n<div class=\"cmsmasters_row_margin\">\n<div class=\"cmsmasters_column two_third\">\n<div class=\"cmsmasters_img  cmsmasters_image_n bottom_logo\">\n<img decoding=\"async\" src=\"https:\/\/andre.pocaconsulting.pt\/wp-content\/uploads\/2015\/11\/Untitled-2-1.png\" \/>\n<\/div>\n\n<div id=\"cmsmasters_divider_6a04d1dd4de874_71659428\" class=\"cl\"><\/div>\n<div class=\"cmsmasters_contact_form\">\n<div class=\"wpcf7 no-js\" id=\"wpcf7-f11567-o1\" lang=\"en-US\" dir=\"ltr\">\n<div class=\"screen-reader-response\"><p role=\"status\" aria-live=\"polite\" aria-atomic=\"true\"><\/p> <ul><\/ul><\/div>\n<form action=\"\/index.php\/wp-json\/wp\/v2\/pages\/60#wpcf7-f11567-o1\" method=\"post\" class=\"wpcf7-form init\" aria-label=\"Contact form\" novalidate=\"novalidate\" data-status=\"init\">\n<div style=\"display: none;\">\n<input type=\"hidden\" name=\"_wpcf7\" value=\"11567\" \/>\n<input type=\"hidden\" name=\"_wpcf7_version\" value=\"5.9.5\" \/>\n<input type=\"hidden\" name=\"_wpcf7_locale\" value=\"en_US\" \/>\n<input type=\"hidden\" name=\"_wpcf7_unit_tag\" value=\"wpcf7-f11567-o1\" \/>\n<input type=\"hidden\" name=\"_wpcf7_container_post\" value=\"0\" \/>\n<input type=\"hidden\" name=\"_wpcf7_posted_data_hash\" value=\"\" \/>\n<\/div>\n<p>Nome\n<\/p>\n<p><span class=\"wpcf7-form-control-wrap\" data-name=\"your-name\"><input size=\"40\" class=\"wpcf7-form-control wpcf7-text wpcf7-validates-as-required\" aria-required=\"true\" aria-invalid=\"false\" value=\"\" type=\"text\" name=\"your-name\" \/><\/span>\n<\/p>\n<p>Mensagem\n<\/p>\n<p><span class=\"wpcf7-form-control-wrap\" data-name=\"your-message\"><textarea cols=\"40\" rows=\"10\" class=\"wpcf7-form-control wpcf7-textarea\" aria-invalid=\"false\" name=\"your-message\"><\/textarea><\/span>\n<\/p>\n<p><input class=\"wpcf7-form-control wpcf7-submit has-spinner\" type=\"submit\" value=\"Enviar\" \/>\n<\/p><div class=\"wpcf7-response-output\" aria-hidden=\"true\"><\/div>\n<\/form>\n<\/div>\n<\/div>\n<\/div>\n<div class=\"cmsmasters_column one_third\">\n<div id=\"cmsmasters_fb_6a04d1dd506f50_45781956\" class=\"cmsmasters_featured_block\">\n<div class=\"featured_block_inner\">\n<div class=\"featured_block_text\">\n\n<div id=\"cmsmasters_heading_6a04d1dd50a364_98269930\" class=\"cmsmasters_heading_wrap cmsmasters_heading_align_center\">\n\t<h2 class=\"cmsmasters_heading\">Endere\u00e7o:<\/h2>\n<\/div>\n<div id=\"cmsmasters_heading_6a04d1dd50c066_05142799\" class=\"cmsmasters_heading_wrap cmsmasters_heading_align_center\">\n\t<h6 class=\"cmsmasters_heading\"> <a tabindex=\"0\" href=\"https:\/\/www.google.com\/maps\/place\/\/data=!4m2!3m1!1s0xd24f76aa73ce6f9:0xffd33328f4d86294?sa=X&amp;ved=1t:8290&amp;ictx=111\" data-url=\"\/maps\/place\/\/data=!4m2!3m1!1s0xd24f76aa73ce6f9:0xffd33328f4d86294?sa=X&amp;ved=2ahUKEwjbkvGb3KaGAxXBT6QEHdq3BPQQ4kB6BAgPEAA\" data-jsarwt=\"1\" data-usg=\"AOvVaw2QLENK7rk8EbZGWorOrkew\" data-ved=\"2ahUKEwjbkvGb3KaGAxXBT6QEHdq3BPQQ4kB6BAgyEAM\">Largo Zeca Afonso Edif\u00edcio Rotunda 2 Bloco 5 lj.9 260,<\/a>Portugal<\/h6>\n<\/div>\n<div id=\"cmsmasters_heading_6a04d1dd50daa9_93415853\" class=\"cmsmasters_heading_wrap cmsmasters_heading_align_center\">\n\t<h2 class=\"cmsmasters_heading\">Contato:<\/h2>\n<\/div>\n<div id=\"cmsmasters_heading_6a04d1dd50f626_04796252\" class=\"cmsmasters_heading_wrap cmsmasters_heading_align_center\">\n\t<h6 class=\"cmsmasters_heading\"><a href=\"https:\/\/www.google.com\/search?client=opera-gx&amp;q=nataliasousa+cabeleireiros+numero+telemovel&amp;sourceid=opera&amp;ie=UTF-8&amp;oe=UTF-8#\" data-dtype=\"d3ph\" data-local-attribute=\"d3ph\" data-ved=\"2ahUKEwjiltf80qaGAxWbRKQEHVw2DscQkAgoAHoECAYQAw\"><span aria-label=\"Ligar para o n\u00famero de telefone 252 991 634\">252 991 634<\/span><\/a><\/h6>\n<\/div>\n<div id=\"cmsmasters_heading_6a04d1dd510f64_73983613\" class=\"cmsmasters_heading_wrap cmsmasters_heading_align_center\">\n\t<h2 class=\"cmsmasters_heading\">Hor\u00e1rio:<\/h2>\n<\/div>\n<div id=\"cmsmasters_heading_6a04d1dd512be3_89371954\" class=\"cmsmasters_heading_wrap cmsmasters_heading_align_center\">\n\t<h6 class=\"cmsmasters_heading\">ter\u00e7a a s\u00e1bado, 09:00 &#8211; 20:00<\/h6>\n<\/div>\n<\/div>\n<\/div>\n<\/div>\n<\/div>\n<\/div>\n<\/div>\n<\/div>\n<\/div>\n<\/div>\n\n","protected":false},"excerpt":{"rendered":"","protected":false},"author":1,"featured_media":0,"parent":0,"menu_order":0,"comment_status":"closed","ping_status":"closed","template":"","meta":{"footnotes":""},"class_list":["post-60","page","type-page","status-publish","hentry"],"_links":{"self":[{"href":"https:\/\/andre.pocaconsulting.pt\/index.php\/wp-json\/wp\/v2\/pages\/60","targetHints":{"allow":["GET"]}}],"collection":[{"href":"https:\/\/andre.pocaconsulting.pt\/index.php\/wp-json\/wp\/v2\/pages"}],"about":[{"href":"https:\/\/andre.pocaconsulting.pt\/index.php\/wp-json\/wp\/v2\/types\/page"}],"author":[{"embeddable":true,"href":"https:\/\/andre.pocaconsulting.pt\/index.php\/wp-json\/wp\/v2\/users\/1"}],"replies":[{"embeddable":true,"href":"https:\/\/andre.pocaconsulting.pt\/index.php\/wp-json\/wp\/v2\/comments?post=60"}],"version-history":[{"count":21,"href":"https:\/\/andre.pocaconsulting.pt\/index.php\/wp-json\/wp\/v2\/pages\/60\/revisions"}],"predecessor-version":[{"id":12063,"href":"https:\/\/andre.pocaconsulting.pt\/index.php\/wp-json\/wp\/v2\/pages\/60\/revisions\/12063"}],"wp:attachment":[{"href":"https:\/\/andre.pocaconsulting.pt\/index.php\/wp-json\/wp\/v2\/media?parent=60"}],"curies":[{"name":"wp","href":"https:\/\/api.w.org\/{rel}","templated":true}]}}