{"id":529,"date":"2015-04-20T11:50:56","date_gmt":"2015-04-20T11:50:56","guid":{"rendered":"http:\/\/welfare.cmsmasters.net\/?page_id=529"},"modified":"2024-06-17T13:55:40","modified_gmt":"2024-06-17T13:55:40","slug":"about-us","status":"publish","type":"page","link":"https:\/\/andre.pocaconsulting.pt\/index.php\/about-us\/","title":{"rendered":"Sobre n\u00f3s"},"content":{"rendered":"<style type=\"text\/css\"> \n#cmsmasters_row_6a04d1fede3e09_73121536 .cmsmasters_row_outer_parent { \n\tpadding-top: 100px; \n} \n\n#cmsmasters_row_6a04d1fede3e09_73121536 .cmsmasters_row_outer_parent { \n\tpadding-bottom: 100px; \n} \n\n \n#cmsmasters_heading_6a04d1fedf0bf0_93663887 { \n\ttext-align:left; \n\tmargin-top:40px; \n\tmargin-bottom:2px; \n} \n\n#cmsmasters_heading_6a04d1fedf0bf0_93663887 .cmsmasters_heading { \n\ttext-align:left; \n} \n\n#cmsmasters_heading_6a04d1fedf0bf0_93663887 .cmsmasters_heading, #cmsmasters_heading_6a04d1fedf0bf0_93663887 .cmsmasters_heading a { \n\tfont-size:48px; \n\tline-height:50px; \n\tfont-weight:normal; \n\tfont-style:normal; \n} \n\n#cmsmasters_heading_6a04d1fedf0bf0_93663887 .cmsmasters_heading_divider { \n} \n\n@media (max-width: 767px) {\n\n#cmsmasters_heading_6a04d1fedf0bf0_93663887 .cmsmasters_heading, #cmsmasters_heading_6a04d1fedf0bf0_93663887 .cmsmasters_heading a { \n\tfont-size:45px; \n} \n\n} \n\n \n#cmsmasters_heading_6a04d1fedf2e81_27168620 { \n\ttext-align:left; \n\tmargin-top:0px; \n\tmargin-bottom:60px; \n} \n\n#cmsmasters_heading_6a04d1fedf2e81_27168620 .cmsmasters_heading { \n\ttext-align:left; \n} \n\n#cmsmasters_heading_6a04d1fedf2e81_27168620 .cmsmasters_heading, #cmsmasters_heading_6a04d1fedf2e81_27168620 .cmsmasters_heading a { \n\tfont-weight:normal; \n\tfont-style:normal; \n} \n\n#cmsmasters_heading_6a04d1fedf2e81_27168620 .cmsmasters_heading_divider { \n} \n\n \n#cmsmasters_divider_6a04d1fedf3ff2_26517824 { \n\tborder-bottom-width:0px; \n\tborder-bottom-style:solid; \n\tpadding-top:0px; \n\tmargin-bottom:20px; \n} \n \n#cmsmasters_divider_6a04d1fedf45a5_19841524 { \n\tborder-bottom-width:0px; \n\tborder-bottom-style:solid; \n\tpadding-top:0px; \n\tmargin-bottom:20px; \n} \n \n#cmsmasters_divider_6a04d1fedf51d2_75687458 { \n\tborder-bottom-width:0px; \n\tborder-bottom-style:solid; \n\tpadding-top:0px; \n\tmargin-bottom:20px; \n} \n \n#cmsmasters_row_6a04d1fedf61f7_25200598 { \n\tbackground-color:#272727;\n} \n\n#cmsmasters_row_6a04d1fedf61f7_25200598 .cmsmasters_row_outer_parent { \n\tpadding-top: 110px; \n} \n\n#cmsmasters_row_6a04d1fedf61f7_25200598 .cmsmasters_row_outer_parent { \n\tpadding-bottom: 100px; \n} \n\n \n#cmsmasters_divider_6a04d1fee04067_15040180 { \n\tborder-bottom-width:0px; \n\tborder-bottom-style:solid; \n\tpadding-top:20px; \n\tmargin-bottom:0px; \n} \n \n\n#cmsmasters_fb_6a04d1fee376d4_92700219 { \n\tpadding-top:40px; \n\tpadding-bottom:70px; \n\tbackground-color:#202020;\n} \n\n#cmsmasters_fb_6a04d1fee376d4_92700219 .featured_block_inner { \n\twidth: 100%; \n\tpadding: ; \n\ttext-align: center; \n\tmargin:0 auto; \n} \n\n#cmsmasters_fb_6a04d1fee376d4_92700219 .featured_block_text { \n\ttext-align: center; \n} \n\n \n#cmsmasters_heading_6a04d1fee3b822_44164249 { \n\ttext-align:center; \n\tmargin-top:0px; \n\tmargin-bottom:12px; \n} \n\n#cmsmasters_heading_6a04d1fee3b822_44164249 .cmsmasters_heading { \n\ttext-align:center; \n} \n\n#cmsmasters_heading_6a04d1fee3b822_44164249 .cmsmasters_heading, #cmsmasters_heading_6a04d1fee3b822_44164249 .cmsmasters_heading a { \n\tfont-size:28px; \n\tfont-weight:normal; \n\tfont-style:normal; \n\tcolor:#faf6c1;\n} \n\n#cmsmasters_heading_6a04d1fee3b822_44164249 .cmsmasters_heading_divider { \n} \n\n \n#cmsmasters_heading_6a04d1fee3d956_41033138 { \n\ttext-align:center; \n\tmargin-top:0px; \n\tmargin-bottom:60px; \n} \n\n#cmsmasters_heading_6a04d1fee3d956_41033138 .cmsmasters_heading { \n\ttext-align:center; \n} \n\n#cmsmasters_heading_6a04d1fee3d956_41033138 .cmsmasters_heading, #cmsmasters_heading_6a04d1fee3d956_41033138 .cmsmasters_heading a { \n\tfont-weight:normal; \n\tfont-style:normal; \n\tcolor:#ffffff;\n} \n\n#cmsmasters_heading_6a04d1fee3d956_41033138 .cmsmasters_heading_divider { \n} \n\n \n#cmsmasters_heading_6a04d1fee3fc71_89777290 { \n\ttext-align:center; \n\tmargin-top:0px; \n\tmargin-bottom:12px; \n} \n\n#cmsmasters_heading_6a04d1fee3fc71_89777290 .cmsmasters_heading { \n\ttext-align:center; \n} \n\n#cmsmasters_heading_6a04d1fee3fc71_89777290 .cmsmasters_heading, #cmsmasters_heading_6a04d1fee3fc71_89777290 .cmsmasters_heading a { \n\tfont-weight:normal; \n\tfont-style:normal; \n\tcolor:#faf6c1;\n} \n\n#cmsmasters_heading_6a04d1fee3fc71_89777290 .cmsmasters_heading_divider { \n} \n\n \n#cmsmasters_heading_6a04d1fee41a33_39122735 { \n\ttext-align:center; \n\tmargin-top:0px; \n\tmargin-bottom:60px; \n} \n\n#cmsmasters_heading_6a04d1fee41a33_39122735 .cmsmasters_heading { \n\ttext-align:center; \n} \n\n#cmsmasters_heading_6a04d1fee41a33_39122735 .cmsmasters_heading, #cmsmasters_heading_6a04d1fee41a33_39122735 .cmsmasters_heading a { \n\tfont-weight:normal; \n\tfont-style:normal; \n\tcolor:#ffffff;\n} \n\n#cmsmasters_heading_6a04d1fee41a33_39122735 .cmsmasters_heading_divider { \n} \n\n \n#cmsmasters_heading_6a04d1fee43a50_28701361 { \n\ttext-align:center; \n\tmargin-top:0px; \n\tmargin-bottom:12px; \n} \n\n#cmsmasters_heading_6a04d1fee43a50_28701361 .cmsmasters_heading { \n\ttext-align:center; \n} \n\n#cmsmasters_heading_6a04d1fee43a50_28701361 .cmsmasters_heading, #cmsmasters_heading_6a04d1fee43a50_28701361 .cmsmasters_heading a { \n\tfont-weight:normal; \n\tfont-style:normal; \n\tcolor:#faf6c1;\n} \n\n#cmsmasters_heading_6a04d1fee43a50_28701361 .cmsmasters_heading_divider { \n} \n\n \n#cmsmasters_heading_6a04d1fee45a66_09124100 { \n\ttext-align:center; \n\tmargin-top:0px; \n\tmargin-bottom:0px; \n} \n\n#cmsmasters_heading_6a04d1fee45a66_09124100 .cmsmasters_heading { \n\ttext-align:center; \n} \n\n#cmsmasters_heading_6a04d1fee45a66_09124100 .cmsmasters_heading, #cmsmasters_heading_6a04d1fee45a66_09124100 .cmsmasters_heading a { \n\tfont-weight:normal; \n\tfont-style:normal; \n\tcolor:#ffffff;\n} \n\n#cmsmasters_heading_6a04d1fee45a66_09124100 .cmsmasters_heading_divider { \n} \n\n<\/style><div id=\"cmsmasters_row_6a04d1fede3e09_73121536\" class=\"cmsmasters_row cmsmasters_color_scheme_default cmsmasters_row_top_default cmsmasters_row_bot_default cmsmasters_row_boxed\">\n<div class=\"cmsmasters_row_outer_parent\">\n<div class=\"cmsmasters_row_outer\">\n<div class=\"cmsmasters_row_inner\">\n<div class=\"cmsmasters_row_margin\">\n<div class=\"cmsmasters_column one_half\">\n<div class=\"cmsmasters_img  cmsmasters_image_l\">\n<img decoding=\"async\" src=\"https:\/\/andre.pocaconsulting.pt\/wp-content\/uploads\/2024\/05\/iu-638x470.png\" \/>\n<\/div>\n<\/div>\n<div class=\"cmsmasters_column one_half\">\n\n<div id=\"cmsmasters_heading_6a04d1fedf0bf0_93663887\" class=\"cmsmasters_heading_wrap cmsmasters_heading_align_left\">\n\t<h1 class=\"cmsmasters_heading\">Factos sobre n\u00f3s<\/h1>\n<\/div>\n<div id=\"cmsmasters_heading_6a04d1fedf2e81_27168620\" class=\"cmsmasters_heading_wrap cmsmasters_heading_align_left\">\n\t<h5 class=\"cmsmasters_heading\">pequena hist\u00f3ria sobre o nosso sal\u00e3o<\/h5>\n<\/div><div class=\"cmsmasters_text\">\n<p>Empresa de renome cabeleireira com mais de 15 anos de experi\u00eancia na ind\u00fastria da beleza. Formada em Estilismo e Cosm\u00e9tica, Nat\u00e1lia sempre se destacou pela criatividade e habilidades t\u00e9cnicas, conquistando uma clientela fiel e satisfeita.<\/p>\n<\/div>\n\n<div id=\"cmsmasters_divider_6a04d1fedf3ff2_26517824\" class=\"cl\"><\/div>\n\n<div id=\"cmsmasters_divider_6a04d1fedf45a5_19841524\" class=\"cl\"><\/div>\n<div class=\"cmsmasters_text\">\n<p>Nat\u00e1lia iniciou a sua carreira como assistente , onde rapidamente se destacou e passou a liderar a sua pr\u00f3pria equipa. Ao longo dos anos, participou de diversos workshops e cursos de aperfei\u00e7oamento, aprimorando constantemente as suas t\u00e9cnicas e conhecimentos.<\/p>\n<\/div>\n\n\n<div id=\"cmsmasters_divider_6a04d1fedf51d2_75687458\" class=\"cl\"><\/div>\n<\/div>\n<\/div>\n<\/div>\n<\/div>\n<\/div>\n<\/div>\n<div id=\"cmsmasters_row_6a04d1fedf61f7_25200598\" class=\"cmsmasters_row cmsmasters_color_scheme_first cmsmasters_row_top_default cmsmasters_row_bot_default cmsmasters_row_boxed\">\n<div class=\"cmsmasters_row_outer_parent\">\n<div class=\"cmsmasters_row_outer\">\n<div class=\"cmsmasters_row_inner\">\n<div class=\"cmsmasters_row_margin\">\n<div class=\"cmsmasters_column two_third\">\n<div class=\"cmsmasters_img  cmsmasters_image_l bottom_logo\">\n<img decoding=\"async\" src=\"https:\/\/andre.pocaconsulting.pt\/wp-content\/uploads\/2015\/11\/logo-footer.png\" \/>\n<\/div>\n\n<div id=\"cmsmasters_divider_6a04d1fee04067_15040180\" class=\"cl\"><\/div>\n<div class=\"cmsmasters_contact_form\">\n<div class=\"wpcf7 no-js\" id=\"wpcf7-f11567-o1\" lang=\"en-US\" dir=\"ltr\">\n<div class=\"screen-reader-response\"><p role=\"status\" aria-live=\"polite\" aria-atomic=\"true\"><\/p> <ul><\/ul><\/div>\n<form action=\"\/index.php\/wp-json\/wp\/v2\/pages\/529#wpcf7-f11567-o1\" method=\"post\" class=\"wpcf7-form init\" aria-label=\"Contact form\" novalidate=\"novalidate\" data-status=\"init\">\n<div style=\"display: none;\">\n<input type=\"hidden\" name=\"_wpcf7\" value=\"11567\" \/>\n<input type=\"hidden\" name=\"_wpcf7_version\" value=\"5.9.5\" \/>\n<input type=\"hidden\" name=\"_wpcf7_locale\" value=\"en_US\" \/>\n<input type=\"hidden\" name=\"_wpcf7_unit_tag\" value=\"wpcf7-f11567-o1\" \/>\n<input type=\"hidden\" name=\"_wpcf7_container_post\" value=\"0\" \/>\n<input type=\"hidden\" name=\"_wpcf7_posted_data_hash\" value=\"\" \/>\n<\/div>\n<p>Nome\n<\/p>\n<p><span class=\"wpcf7-form-control-wrap\" data-name=\"your-name\"><input size=\"40\" class=\"wpcf7-form-control wpcf7-text wpcf7-validates-as-required\" aria-required=\"true\" aria-invalid=\"false\" value=\"\" type=\"text\" name=\"your-name\" \/><\/span>\n<\/p>\n<p>Mensagem\n<\/p>\n<p><span class=\"wpcf7-form-control-wrap\" data-name=\"your-message\"><textarea cols=\"40\" rows=\"10\" class=\"wpcf7-form-control wpcf7-textarea\" aria-invalid=\"false\" name=\"your-message\"><\/textarea><\/span>\n<\/p>\n<p><input class=\"wpcf7-form-control wpcf7-submit has-spinner\" type=\"submit\" value=\"Enviar\" \/>\n<\/p><div class=\"wpcf7-response-output\" aria-hidden=\"true\"><\/div>\n<\/form>\n<\/div>\n<\/div>\n<\/div>\n<div class=\"cmsmasters_column one_third\">\n<div id=\"cmsmasters_fb_6a04d1fee376d4_92700219\" class=\"cmsmasters_featured_block\">\n<div class=\"featured_block_inner\">\n<div class=\"featured_block_text\">\n\n<div id=\"cmsmasters_heading_6a04d1fee3b822_44164249\" class=\"cmsmasters_heading_wrap cmsmasters_heading_align_center\">\n\t<h2 class=\"cmsmasters_heading\">Endere\u00e7o:<\/h2>\n<\/div>\n<div id=\"cmsmasters_heading_6a04d1fee3d956_41033138\" class=\"cmsmasters_heading_wrap cmsmasters_heading_align_center\">\n\t<h6 class=\"cmsmasters_heading\"> <a tabindex=\"0\" href=\"https:\/\/www.google.com\/maps\/place\/\/data=!4m2!3m1!1s0xd24f76aa73ce6f9:0xffd33328f4d86294?sa=X&amp;ved=1t:8290&amp;ictx=111\" data-url=\"\/maps\/place\/\/data=!4m2!3m1!1s0xd24f76aa73ce6f9:0xffd33328f4d86294?sa=X&amp;ved=2ahUKEwjbkvGb3KaGAxXBT6QEHdq3BPQQ4kB6BAgPEAA\" data-jsarwt=\"1\" data-usg=\"AOvVaw2QLENK7rk8EbZGWorOrkew\" data-ved=\"2ahUKEwjbkvGb3KaGAxXBT6QEHdq3BPQQ4kB6BAgyEAM\">Largo Zeca Afonso Edif\u00edcio Rotunda 2 Bloco 5 lj.9 260,<\/a>Portugal<\/h6>\n<\/div>\n<div id=\"cmsmasters_heading_6a04d1fee3fc71_89777290\" class=\"cmsmasters_heading_wrap cmsmasters_heading_align_center\">\n\t<h2 class=\"cmsmasters_heading\">Contato:<\/h2>\n<\/div>\n<div id=\"cmsmasters_heading_6a04d1fee41a33_39122735\" class=\"cmsmasters_heading_wrap cmsmasters_heading_align_center\">\n\t<h6 class=\"cmsmasters_heading\"><a href=\"https:\/\/www.google.com\/search?client=opera-gx&amp;q=nataliasousa+cabeleireiros+numero+telemovel&amp;sourceid=opera&amp;ie=UTF-8&amp;oe=UTF-8#\" data-dtype=\"d3ph\" data-local-attribute=\"d3ph\" data-ved=\"2ahUKEwjiltf80qaGAxWbRKQEHVw2DscQkAgoAHoECAYQAw\"><span aria-label=\"Ligar para o n\u00famero de telefone 252 991 634\">252 991 634<\/span><\/a><\/h6>\n<\/div>\n<div id=\"cmsmasters_heading_6a04d1fee43a50_28701361\" class=\"cmsmasters_heading_wrap cmsmasters_heading_align_center\">\n\t<h2 class=\"cmsmasters_heading\">Hor\u00e1rio:<\/h2>\n<\/div>\n<div id=\"cmsmasters_heading_6a04d1fee45a66_09124100\" class=\"cmsmasters_heading_wrap cmsmasters_heading_align_center\">\n\t<h6 class=\"cmsmasters_heading\">ter\u00e7a a s\u00e1bado, 09:00 &#8211; 20:00<\/h6>\n<\/div>\n<\/div>\n<\/div>\n<\/div>\n<\/div>\n<\/div>\n<\/div>\n<\/div>\n<\/div>\n<\/div>\n\n","protected":false},"excerpt":{"rendered":"","protected":false},"author":1,"featured_media":0,"parent":0,"menu_order":0,"comment_status":"closed","ping_status":"closed","template":"","meta":{"footnotes":""},"class_list":["post-529","page","type-page","status-publish","hentry"],"_links":{"self":[{"href":"https:\/\/andre.pocaconsulting.pt\/index.php\/wp-json\/wp\/v2\/pages\/529","targetHints":{"allow":["GET"]}}],"collection":[{"href":"https:\/\/andre.pocaconsulting.pt\/index.php\/wp-json\/wp\/v2\/pages"}],"about":[{"href":"https:\/\/andre.pocaconsulting.pt\/index.php\/wp-json\/wp\/v2\/types\/page"}],"author":[{"embeddable":true,"href":"https:\/\/andre.pocaconsulting.pt\/index.php\/wp-json\/wp\/v2\/users\/1"}],"replies":[{"embeddable":true,"href":"https:\/\/andre.pocaconsulting.pt\/index.php\/wp-json\/wp\/v2\/comments?post=529"}],"version-history":[{"count":11,"href":"https:\/\/andre.pocaconsulting.pt\/index.php\/wp-json\/wp\/v2\/pages\/529\/revisions"}],"predecessor-version":[{"id":12078,"href":"https:\/\/andre.pocaconsulting.pt\/index.php\/wp-json\/wp\/v2\/pages\/529\/revisions\/12078"}],"wp:attachment":[{"href":"https:\/\/andre.pocaconsulting.pt\/index.php\/wp-json\/wp\/v2\/media?parent=529"}],"curies":[{"name":"wp","href":"https:\/\/api.w.org\/{rel}","templated":true}]}}