{"id":11382,"date":"2016-06-01T07:38:06","date_gmt":"2016-06-01T07:38:06","guid":{"rendered":"http:\/\/hair-beauty.cmsmasters.net\/?page_id=11382"},"modified":"2024-06-17T10:36:32","modified_gmt":"2024-06-17T10:36:32","slug":"blog","status":"publish","type":"page","link":"https:\/\/andre.pocaconsulting.pt\/index.php\/blog\/","title":{"rendered":"Blog"},"content":{"rendered":"<style type=\"text\/css\"> \n#cmsmasters_row_6a04d20a3f4ba4_64837772 .cmsmasters_row_outer_parent { \n\tpadding-top: 80px; \n} \n\n#cmsmasters_row_6a04d20a3f4ba4_64837772 .cmsmasters_row_outer_parent { \n\tpadding-bottom: 80px; \n} \n\n \n#cmsmasters_row_6a04d20a5d1c12_91327346 { \n\tbackground-color:#272727;\n} \n\n#cmsmasters_row_6a04d20a5d1c12_91327346 .cmsmasters_row_outer_parent { \n\tpadding-top: 110px; \n} \n\n#cmsmasters_row_6a04d20a5d1c12_91327346 .cmsmasters_row_outer_parent { \n\tpadding-bottom: 100px; \n} \n\n \n#cmsmasters_divider_6a04d20a5d9130_55224264 { \n\tborder-bottom-width:0px; \n\tborder-bottom-style:solid; \n\tpadding-top:20px; \n\tmargin-bottom:0px; \n} \n \n\n#cmsmasters_fb_6a04d20a62ec54_95983081 { \n\tpadding-top:40px; \n\tpadding-bottom:70px; \n\tbackground-color:#202020;\n} \n\n#cmsmasters_fb_6a04d20a62ec54_95983081 .featured_block_inner { \n\twidth: 100%; \n\tpadding: ; \n\ttext-align: center; \n\tmargin:0 auto; \n} \n\n#cmsmasters_fb_6a04d20a62ec54_95983081 .featured_block_text { \n\ttext-align: center; \n} \n\n \n#cmsmasters_heading_6a04d20a632800_98877090 { \n\ttext-align:center; \n\tmargin-top:0px; \n\tmargin-bottom:12px; \n} \n\n#cmsmasters_heading_6a04d20a632800_98877090 .cmsmasters_heading { \n\ttext-align:center; \n} \n\n#cmsmasters_heading_6a04d20a632800_98877090 .cmsmasters_heading, #cmsmasters_heading_6a04d20a632800_98877090 .cmsmasters_heading a { \n\tfont-size:28px; \n\tfont-weight:normal; \n\tfont-style:normal; \n\tcolor:#faf6c1;\n} \n\n#cmsmasters_heading_6a04d20a632800_98877090 .cmsmasters_heading_divider { \n} \n\n \n#cmsmasters_heading_6a04d20a6347c0_36456857 { \n\ttext-align:center; \n\tmargin-top:0px; \n\tmargin-bottom:60px; \n} \n\n#cmsmasters_heading_6a04d20a6347c0_36456857 .cmsmasters_heading { \n\ttext-align:center; \n} \n\n#cmsmasters_heading_6a04d20a6347c0_36456857 .cmsmasters_heading, #cmsmasters_heading_6a04d20a6347c0_36456857 .cmsmasters_heading a { \n\tfont-weight:normal; \n\tfont-style:normal; \n\tcolor:#ffffff;\n} \n\n#cmsmasters_heading_6a04d20a6347c0_36456857 .cmsmasters_heading_divider { \n} \n\n \n#cmsmasters_heading_6a04d20a6365c9_01895492 { \n\ttext-align:center; \n\tmargin-top:0px; \n\tmargin-bottom:12px; \n} \n\n#cmsmasters_heading_6a04d20a6365c9_01895492 .cmsmasters_heading { \n\ttext-align:center; \n} \n\n#cmsmasters_heading_6a04d20a6365c9_01895492 .cmsmasters_heading, #cmsmasters_heading_6a04d20a6365c9_01895492 .cmsmasters_heading a { \n\tfont-weight:normal; \n\tfont-style:normal; \n\tcolor:#faf6c1;\n} \n\n#cmsmasters_heading_6a04d20a6365c9_01895492 .cmsmasters_heading_divider { \n} \n\n \n#cmsmasters_heading_6a04d20a6384d1_11273528 { \n\ttext-align:center; \n\tmargin-top:0px; \n\tmargin-bottom:60px; \n} \n\n#cmsmasters_heading_6a04d20a6384d1_11273528 .cmsmasters_heading { \n\ttext-align:center; \n} \n\n#cmsmasters_heading_6a04d20a6384d1_11273528 .cmsmasters_heading, #cmsmasters_heading_6a04d20a6384d1_11273528 .cmsmasters_heading a { \n\tfont-weight:normal; \n\tfont-style:normal; \n\tcolor:#ffffff;\n} \n\n#cmsmasters_heading_6a04d20a6384d1_11273528 .cmsmasters_heading_divider { \n} \n\n \n#cmsmasters_heading_6a04d20a63a2c4_28011315 { \n\ttext-align:center; \n\tmargin-top:0px; \n\tmargin-bottom:12px; \n} \n\n#cmsmasters_heading_6a04d20a63a2c4_28011315 .cmsmasters_heading { \n\ttext-align:center; \n} \n\n#cmsmasters_heading_6a04d20a63a2c4_28011315 .cmsmasters_heading, #cmsmasters_heading_6a04d20a63a2c4_28011315 .cmsmasters_heading a { \n\tfont-weight:normal; \n\tfont-style:normal; \n\tcolor:#faf6c1;\n} \n\n#cmsmasters_heading_6a04d20a63a2c4_28011315 .cmsmasters_heading_divider { \n} \n\n \n#cmsmasters_heading_6a04d20a63c234_01799427 { \n\ttext-align:center; \n\tmargin-top:0px; \n\tmargin-bottom:0px; \n} \n\n#cmsmasters_heading_6a04d20a63c234_01799427 .cmsmasters_heading { \n\ttext-align:center; \n} \n\n#cmsmasters_heading_6a04d20a63c234_01799427 .cmsmasters_heading, #cmsmasters_heading_6a04d20a63c234_01799427 .cmsmasters_heading a { \n\tfont-weight:normal; \n\tfont-style:normal; \n\tcolor:#ffffff;\n} \n\n#cmsmasters_heading_6a04d20a63c234_01799427 .cmsmasters_heading_divider { \n} \n\n<\/style><div id=\"cmsmasters_row_6a04d20a3f4ba4_64837772\" class=\"cmsmasters_row cmsmasters_color_scheme_default cmsmasters_row_top_default cmsmasters_row_bot_default cmsmasters_row_boxed\">\n<div class=\"cmsmasters_row_outer_parent\">\n<div class=\"cmsmasters_row_outer\">\n<div class=\"cmsmasters_row_inner\">\n<div class=\"cmsmasters_row_margin\">\n<div class=\"cmsmasters_column one_first\">\n<div class=\"cmsmasters_wrap_blog entry-summary\" id=\"blog_6a04d20a3fd68\"><script type=\"text\/javascript\">\r\njQuery(document).ready(function () {\r\n(function ($) {\r\n\tif ($('#blog_6a04d20a3fd68').find('article').length == '0') {\r\n\t\treturn false;\r\n\t}\r\n\t\r\n\r\n\tstartBlog( \r\n\t\t'6a04d20a3fd68', \r\n\t\t'columns', \r\n\t\t'masonry', \r\n\t\t'https:\/\/andre.pocaconsulting.pt\/wp-content\/plugins\/cmsmasters-content-composer\/', \r\n\t\t'date', \r\n\t\t'ASC', \r\n\t\t'3', \r\n\t\t'', \r\n\t\t'date,categories,author,comments' \r\n\t);\r\n} )(jQuery);\r\n} );\r\n<\/script>\r\n<div class=\"blog columns masonry cmsmasters_3\">\r\n<!--_________________________ Start Standard Article _________________________ -->\r\n\r\n<article id=\"post-8036\" class=\"cmsmasters_post_masonry post-8036 post type-post status-publish format-standard has-post-thumbnail hentry category-conselhos category-estilos-de-cabelo\" data-category=\"conselhos estilos-de-cabelo\">\r\n\t<div class=\"cmsmasters_post_cont\">\r\n\t<figure class=\"cmsmasters_img_wrap\"><a href=\"https:\/\/andre.pocaconsulting.pt\/index.php\/2015\/10\/05\/how-to-dye-hair\/\" title=\"Como pintar o cabelo\" class=\"cmsmasters_img_link preloader\"><img loading=\"lazy\" decoding=\"async\" width=\"580\" height=\"325\" src=\"https:\/\/andre.pocaconsulting.pt\/wp-content\/uploads\/2015\/10\/pintar-cabelo-580x325.jpg\" class=\"full-width wp-post-image\" alt=\"Como pintar o cabelo\" title=\"Como pintar o cabelo\" \/><\/a><\/figure><div class=\"cmsmasters_post_meta_wrap\"><div class=\"cmsmasters_post_meta_left\"><span class=\"cmsmasters_post_date\"><abbr class=\"published\" title=\"10 \/ 05 \/ 2015\">10 \/ 05 \/ 2015<\/abbr><abbr class=\"dn date updated\" title=\"06 \/ 30 \/ 2024\">06 \/ 30 \/ 2024<\/abbr><\/span><\/div><\/div><header class=\"cmsmasters_post_header entry-header\"><h4 class=\"cmsmasters_post_title entry-title\"><a href=\"https:\/\/andre.pocaconsulting.pt\/index.php\/2015\/10\/05\/how-to-dye-hair\/\">Como pintar o cabelo<\/a><\/h4><\/header><div class=\"cmsmasters_post_content entry-content\">\n<p>Pintar o cabelo pode ser uma \u00f3tima maneira de mudar seu visual.<\/p>\n<\/div>\n<div class=\"cmsmasters_post_cont_info entry-meta\"><span class=\"cmsmasters_post_user_name\">By <a href=\"https:\/\/andre.pocaconsulting.pt\/index.php\/author\/admin\/\" title=\"Posts by administrador\" class=\"vcard author\" rel=\"author\"><span class=\"fn\">administrador<\/span><\/a><\/span><span class=\"cmsmasters_post_category\">In <a href=\"https:\/\/andre.pocaconsulting.pt\/index.php\/category\/advices\/conselhos\/\" rel=\"category tag\">Conselhos<\/a>, <a href=\"https:\/\/andre.pocaconsulting.pt\/index.php\/category\/estilos-de-cabelo\/\" rel=\"category tag\">Estilos de cabelo<\/a><\/span><\/div>\t<\/div>\r\n<\/article>\r\n<!--_________________________ Finish Standard Article _________________________ -->\r\n\r\n\r\n<!--_________________________ Start Image Article _________________________ -->\r\n\r\n<article id=\"post-106\" class=\"cmsmasters_post_masonry post-106 post type-post status-publish format-image has-post-thumbnail hentry category-cuidados-capilares post_format-post-format-image\" data-category=\"cuidados-capilares\">\r\n\t<div class=\"cmsmasters_post_cont\">\r\n\t\t<figure class=\"cmsmasters_img_wrap\"><a href=\"https:\/\/andre.pocaconsulting.pt\/wp-content\/uploads\/2015\/10\/mascara-1024x683-1.jpg\" title=\"3 maneiras de fazer uma m\u00e1scara capilar\" rel=\"ilightbox[img_106_6a04d20a5a9c4]\" class=\"cmsmasters_img_link preloader highImg\"><img loading=\"lazy\" decoding=\"async\" width=\"580\" height=\"325\" src=\"https:\/\/andre.pocaconsulting.pt\/wp-content\/uploads\/2015\/10\/mascara-1024x683-1-580x325.jpg\" class=\"full-width wp-post-image\" alt=\"3 maneiras de fazer uma m\u00e1scara capilar\" title=\"3 maneiras de fazer uma m\u00e1scara capilar\" \/><\/a><\/figure><div class=\"cmsmasters_post_meta_wrap\"><div class=\"cmsmasters_post_meta_left\"><span class=\"cmsmasters_post_date\"><abbr class=\"published\" title=\"10 \/ 28 \/ 2015\">10 \/ 28 \/ 2015<\/abbr><abbr class=\"dn date updated\" title=\"06 \/ 18 \/ 2024\">06 \/ 18 \/ 2024<\/abbr><\/span><\/div><\/div><header class=\"cmsmasters_post_header entry-header\"><h4 class=\"cmsmasters_post_title entry-title\"><a href=\"https:\/\/andre.pocaconsulting.pt\/index.php\/2015\/10\/28\/3-ways-to-make-a-hair-mask\/\">3 maneiras de fazer uma m\u00e1scara capilar<\/a><\/h4><\/header><div class=\"cmsmasters_post_content entry-content\">\n<p>M\u00e1scaras capilares s\u00e3o excelentes para nutrir, hidratar e revitalizar os cabelos.<\/p>\n<\/div>\n<div class=\"cmsmasters_post_cont_info entry-meta\"><span class=\"cmsmasters_post_user_name\">By <a href=\"https:\/\/andre.pocaconsulting.pt\/index.php\/author\/admin\/\" title=\"Posts by administrador\" class=\"vcard author\" rel=\"author\"><span class=\"fn\">administrador<\/span><\/a><\/span><span class=\"cmsmasters_post_category\">In <a href=\"https:\/\/andre.pocaconsulting.pt\/index.php\/category\/cuidados-capilares\/\" rel=\"category tag\">cuidados capilares<\/a><\/span><\/div>\t<\/div>\r\n<\/article>\r\n<!--_________________________ Finish Image Article _________________________ -->\r\n\r\n\r\n<!--_________________________ Start Image Article _________________________ -->\r\n\r\n<article id=\"post-1965\" class=\"cmsmasters_post_masonry post-1965 post type-post status-publish format-image has-post-thumbnail hentry category-conselhos-2 category-maquiagem post_format-post-format-image\" data-category=\"conselhos-2 maquiagem\">\r\n\t<div class=\"cmsmasters_post_cont\">\r\n\t\t<figure class=\"cmsmasters_img_wrap\"><a href=\"https:\/\/andre.pocaconsulting.pt\/wp-content\/uploads\/2015\/11\/115516022-feche-acima-do-rosto-da-mulher-jovem-com-todos-os-tipos-de-ferramentas-da-composicao-escova-batom-e1718709361484.jpg\" title=\"Maquiagem, Sa\u00fade &#038; Beleza\" rel=\"ilightbox[img_1965_6a04d20a5c3ad]\" class=\"cmsmasters_img_link preloader highImg\"><img loading=\"lazy\" decoding=\"async\" width=\"449\" height=\"254\" src=\"https:\/\/andre.pocaconsulting.pt\/wp-content\/uploads\/2015\/11\/115516022-feche-acima-do-rosto-da-mulher-jovem-com-todos-os-tipos-de-ferramentas-da-composicao-escova-batom-e1718709361484.jpg\" class=\"full-width wp-post-image\" alt=\"Maquiagem, Sa\u00fade &#038; Beleza\" title=\"Maquiagem, Sa\u00fade &#038; Beleza\" srcset=\"https:\/\/andre.pocaconsulting.pt\/wp-content\/uploads\/2015\/11\/115516022-feche-acima-do-rosto-da-mulher-jovem-com-todos-os-tipos-de-ferramentas-da-composicao-escova-batom-e1718709361484.jpg 449w, https:\/\/andre.pocaconsulting.pt\/wp-content\/uploads\/2015\/11\/115516022-feche-acima-do-rosto-da-mulher-jovem-com-todos-os-tipos-de-ferramentas-da-composicao-escova-batom-e1718709361484-300x170.jpg 300w\" sizes=\"auto, (max-width: 449px) 100vw, 449px\" \/><\/a><\/figure><div class=\"cmsmasters_post_meta_wrap\"><div class=\"cmsmasters_post_meta_left\"><span class=\"cmsmasters_post_date\"><abbr class=\"published\" title=\"11 \/ 08 \/ 2015\">11 \/ 08 \/ 2015<\/abbr><abbr class=\"dn date updated\" title=\"06 \/ 18 \/ 2024\">06 \/ 18 \/ 2024<\/abbr><\/span><\/div><\/div><header class=\"cmsmasters_post_header entry-header\"><h4 class=\"cmsmasters_post_title entry-title\"><a href=\"https:\/\/andre.pocaconsulting.pt\/index.php\/2015\/11\/08\/womens-makeup-health-beauty\/\">Maquiagem, Sa\u00fade &#038; Beleza<\/a><\/h4><\/header><div class=\"cmsmasters_post_content entry-content\">\n<p>A maquiagem, sa\u00fade e beleza est\u00e3o intimamente interligadas e contribuem significativamente para a autoimagem, a confian\u00e7a e o bem-estar geral.<\/p>\n<\/div>\n<div class=\"cmsmasters_post_cont_info entry-meta\"><span class=\"cmsmasters_post_user_name\">By <a href=\"https:\/\/andre.pocaconsulting.pt\/index.php\/author\/admin\/\" title=\"Posts by administrador\" class=\"vcard author\" rel=\"author\"><span class=\"fn\">administrador<\/span><\/a><\/span><span class=\"cmsmasters_post_category\">In <a href=\"https:\/\/andre.pocaconsulting.pt\/index.php\/category\/conselhos-2\/\" rel=\"category tag\">Conselhos<\/a>, <a href=\"https:\/\/andre.pocaconsulting.pt\/index.php\/category\/maquiagem\/\" rel=\"category tag\">maquiagem<\/a><\/span><\/div>\t<\/div>\r\n<\/article>\r\n<!--_________________________ Finish Image Article _________________________ -->\r\n\r\n<\/div><\/div>\n<\/div>\n<\/div>\n<\/div>\n<\/div>\n<\/div>\n<\/div>\n<div id=\"cmsmasters_row_6a04d20a5d1c12_91327346\" class=\"cmsmasters_row cmsmasters_color_scheme_first cmsmasters_row_top_default cmsmasters_row_bot_default cmsmasters_row_boxed\">\n<div class=\"cmsmasters_row_outer_parent\">\n<div class=\"cmsmasters_row_outer\">\n<div class=\"cmsmasters_row_inner\">\n<div class=\"cmsmasters_row_margin\">\n<div class=\"cmsmasters_column two_third\">\n<div class=\"cmsmasters_img  cmsmasters_image_n bottom_logo\">\n<img decoding=\"async\" src=\"https:\/\/andre.pocaconsulting.pt\/wp-content\/uploads\/2015\/11\/Untitled-2-1.png\" \/>\n<\/div>\n\n<div id=\"cmsmasters_divider_6a04d20a5d9130_55224264\" class=\"cl\"><\/div>\n<div class=\"cmsmasters_contact_form\">\n<div class=\"wpcf7 no-js\" id=\"wpcf7-f11567-o1\" lang=\"en-US\" dir=\"ltr\">\n<div class=\"screen-reader-response\"><p role=\"status\" aria-live=\"polite\" aria-atomic=\"true\"><\/p> <ul><\/ul><\/div>\n<form action=\"\/index.php\/wp-json\/wp\/v2\/pages\/11382#wpcf7-f11567-o1\" method=\"post\" class=\"wpcf7-form init\" aria-label=\"Contact form\" novalidate=\"novalidate\" data-status=\"init\">\n<div style=\"display: none;\">\n<input type=\"hidden\" name=\"_wpcf7\" value=\"11567\" \/>\n<input type=\"hidden\" name=\"_wpcf7_version\" value=\"5.9.5\" \/>\n<input type=\"hidden\" name=\"_wpcf7_locale\" value=\"en_US\" \/>\n<input type=\"hidden\" name=\"_wpcf7_unit_tag\" value=\"wpcf7-f11567-o1\" \/>\n<input type=\"hidden\" name=\"_wpcf7_container_post\" value=\"0\" \/>\n<input type=\"hidden\" name=\"_wpcf7_posted_data_hash\" value=\"\" \/>\n<\/div>\n<p>Nome\n<\/p>\n<p><span class=\"wpcf7-form-control-wrap\" data-name=\"your-name\"><input size=\"40\" class=\"wpcf7-form-control wpcf7-text wpcf7-validates-as-required\" aria-required=\"true\" aria-invalid=\"false\" value=\"\" type=\"text\" name=\"your-name\" \/><\/span>\n<\/p>\n<p>Mensagem\n<\/p>\n<p><span class=\"wpcf7-form-control-wrap\" data-name=\"your-message\"><textarea cols=\"40\" rows=\"10\" class=\"wpcf7-form-control wpcf7-textarea\" aria-invalid=\"false\" name=\"your-message\"><\/textarea><\/span>\n<\/p>\n<p><input class=\"wpcf7-form-control wpcf7-submit has-spinner\" type=\"submit\" value=\"Enviar\" \/>\n<\/p><div class=\"wpcf7-response-output\" aria-hidden=\"true\"><\/div>\n<\/form>\n<\/div>\n<\/div>\n<\/div>\n<div class=\"cmsmasters_column one_third\">\n<div id=\"cmsmasters_fb_6a04d20a62ec54_95983081\" class=\"cmsmasters_featured_block\">\n<div class=\"featured_block_inner\">\n<div class=\"featured_block_text\">\n\n<div id=\"cmsmasters_heading_6a04d20a632800_98877090\" class=\"cmsmasters_heading_wrap cmsmasters_heading_align_center\">\n\t<h2 class=\"cmsmasters_heading\">Endere\u00e7o:<\/h2>\n<\/div>\n<div id=\"cmsmasters_heading_6a04d20a6347c0_36456857\" class=\"cmsmasters_heading_wrap cmsmasters_heading_align_center\">\n\t<h6 class=\"cmsmasters_heading\"> <a tabindex=\"0\" href=\"https:\/\/www.google.com\/maps\/place\/\/data=!4m2!3m1!1s0xd24f76aa73ce6f9:0xffd33328f4d86294?sa=X&amp;ved=1t:8290&amp;ictx=111\" data-url=\"\/maps\/place\/\/data=!4m2!3m1!1s0xd24f76aa73ce6f9:0xffd33328f4d86294?sa=X&amp;ved=2ahUKEwjbkvGb3KaGAxXBT6QEHdq3BPQQ4kB6BAgPEAA\" data-jsarwt=\"1\" data-usg=\"AOvVaw2QLENK7rk8EbZGWorOrkew\" data-ved=\"2ahUKEwjbkvGb3KaGAxXBT6QEHdq3BPQQ4kB6BAgyEAM\">Largo Zeca Afonso Edif\u00edcio Rotunda 2 Bloco 5 lj.9 260,<\/a>Portugal<\/h6>\n<\/div>\n<div id=\"cmsmasters_heading_6a04d20a6365c9_01895492\" class=\"cmsmasters_heading_wrap cmsmasters_heading_align_center\">\n\t<h2 class=\"cmsmasters_heading\">Contato:<\/h2>\n<\/div>\n<div id=\"cmsmasters_heading_6a04d20a6384d1_11273528\" class=\"cmsmasters_heading_wrap cmsmasters_heading_align_center\">\n\t<h6 class=\"cmsmasters_heading\"><a href=\"https:\/\/www.google.com\/search?client=opera-gx&amp;q=nataliasousa+cabeleireiros+numero+telemovel&amp;sourceid=opera&amp;ie=UTF-8&amp;oe=UTF-8#\" data-dtype=\"d3ph\" data-local-attribute=\"d3ph\" data-ved=\"2ahUKEwjiltf80qaGAxWbRKQEHVw2DscQkAgoAHoECAYQAw\"><span aria-label=\"Ligar para o n\u00famero de telefone 252 991 634\">252 991 634<\/span><\/a><\/h6>\n<\/div>\n<div id=\"cmsmasters_heading_6a04d20a63a2c4_28011315\" class=\"cmsmasters_heading_wrap cmsmasters_heading_align_center\">\n\t<h2 class=\"cmsmasters_heading\">Hor\u00e1rio:<\/h2>\n<\/div>\n<div id=\"cmsmasters_heading_6a04d20a63c234_01799427\" class=\"cmsmasters_heading_wrap cmsmasters_heading_align_center\">\n\t<h6 class=\"cmsmasters_heading\">ter\u00e7a a s\u00e1bado, 09:00 &#8211; 20:00<\/h6>\n<\/div>\n<\/div>\n<\/div>\n<\/div>\n<\/div>\n<\/div>\n<\/div>\n<\/div>\n<\/div>\n<\/div>\n\n","protected":false},"excerpt":{"rendered":"","protected":false},"author":1,"featured_media":0,"parent":0,"menu_order":0,"comment_status":"closed","ping_status":"closed","template":"","meta":{"footnotes":""},"class_list":["post-11382","page","type-page","status-publish","hentry"],"_links":{"self":[{"href":"https:\/\/andre.pocaconsulting.pt\/index.php\/wp-json\/wp\/v2\/pages\/11382","targetHints":{"allow":["GET"]}}],"collection":[{"href":"https:\/\/andre.pocaconsulting.pt\/index.php\/wp-json\/wp\/v2\/pages"}],"about":[{"href":"https:\/\/andre.pocaconsulting.pt\/index.php\/wp-json\/wp\/v2\/types\/page"}],"author":[{"embeddable":true,"href":"https:\/\/andre.pocaconsulting.pt\/index.php\/wp-json\/wp\/v2\/users\/1"}],"replies":[{"embeddable":true,"href":"https:\/\/andre.pocaconsulting.pt\/index.php\/wp-json\/wp\/v2\/comments?post=11382"}],"version-history":[{"count":3,"href":"https:\/\/andre.pocaconsulting.pt\/index.php\/wp-json\/wp\/v2\/pages\/11382\/revisions"}],"predecessor-version":[{"id":12066,"href":"https:\/\/andre.pocaconsulting.pt\/index.php\/wp-json\/wp\/v2\/pages\/11382\/revisions\/12066"}],"wp:attachment":[{"href":"https:\/\/andre.pocaconsulting.pt\/index.php\/wp-json\/wp\/v2\/media?parent=11382"}],"curies":[{"name":"wp","href":"https:\/\/api.w.org\/{rel}","templated":true}]}}